{"id":150,"date":"2022-06-21T12:38:22","date_gmt":"2022-06-21T10:38:22","guid":{"rendered":"https:\/\/www.hoteldieppe.com\/?page_id=150"},"modified":"2022-12-19T15:38:59","modified_gmt":"2022-12-19T14:38:59","slug":"hotel-dieppe","status":"publish","type":"page","link":"https:\/\/www.hoteldieppe.com\/en\/hotel-dieppe\/","title":{"rendered":"Tourism"},"content":{"rendered":"<div data-elementor-type=\"wp-page\" data-elementor-id=\"150\" class=\"elementor elementor-150\" data-elementor-post-type=\"page\">\n\t\t\t\t\t\t<section class=\"elementor-section elementor-top-section elementor-element elementor-element-1eb7dfa9 elementor-section-height-min-height elementor-section-boxed elementor-section-height-default elementor-section-items-middle\" data-id=\"1eb7dfa9\" data-element_type=\"section\" data-settings=\"{&quot;background_background&quot;:&quot;classic&quot;}\">\n\t\t\t\t\t\t\t<div class=\"elementor-background-overlay\"><\/div>\n\t\t\t\t\t\t\t<div class=\"elementor-container elementor-column-gap-default\">\n\t\t\t\t\t<div class=\"elementor-column elementor-col-100 elementor-top-column elementor-element elementor-element-44505dd9\" data-id=\"44505dd9\" data-element_type=\"column\">\n\t\t\t<div class=\"elementor-widget-wrap elementor-element-populated\">\n\t\t\t\t\t\t<div class=\"elementor-element elementor-element-2c032455 elementor-widget elementor-widget-heading\" data-id=\"2c032455\" data-element_type=\"widget\" data-widget_type=\"heading.default\">\n\t\t\t\t<div class=\"elementor-widget-container\">\n\t\t\t\t\t<h1 class=\"elementor-heading-title elementor-size-default\">Tourism<\/h1>\t\t\t\t<\/div>\n\t\t\t\t<\/div>\n\t\t\t\t<div class=\"elementor-element elementor-element-628d45a7 elementor-widget elementor-widget-heading\" data-id=\"628d45a7\" data-element_type=\"widget\" data-widget_type=\"heading.default\">\n\t\t\t\t<div class=\"elementor-widget-container\">\n\t\t\t\t\t<h2 class=\"elementor-heading-title elementor-size-default\">About the region from our hotel in Dieppe<\/h2>\t\t\t\t<\/div>\n\t\t\t\t<\/div>\n\t\t\t\t<div class=\"elementor-element elementor-element-73aec295 elementor-view-default elementor-widget elementor-widget-icon\" data-id=\"73aec295\" data-element_type=\"widget\" data-widget_type=\"icon.default\">\n\t\t\t\t<div class=\"elementor-widget-container\">\n\t\t\t\t\t\t\t<div class=\"elementor-icon-wrapper\">\n\t\t\t<a class=\"elementor-icon\" href=\"#suite\">\n\t\t\t<svg xmlns=\"http:\/\/www.w3.org\/2000\/svg\" width=\"62.198\" height=\"53.83\" viewbox=\"0 0 62.198 53.83\"><g id=\"Groupe_278\" data-name=\"Groupe 278\" transform=\"translate(-988.578 -654.5)\"><rect id=\"Rectangle_39\" data-name=\"Rectangle 39\" width=\"51\" height=\"16\" rx=\"8\" transform=\"translate(1012 705.5) rotate(-90)\" fill=\"#fff\"><\/rect><rect id=\"Rectangle_40\" data-name=\"Rectangle 40\" width=\"39\" height=\"16\" rx=\"8\" transform=\"matrix(0.848, -0.53, 0.53, 0.848, 1009.224, 694.549)\" fill=\"#fff\"><\/rect><rect id=\"Rectangle_41\" data-name=\"Rectangle 41\" width=\"39\" height=\"16\" rx=\"8\" transform=\"matrix(-0.839, -0.545, 0.545, -0.839, 1021.286, 708.33)\" fill=\"#fff\"><\/rect><\/g><\/svg>\t\t\t<\/a>\n\t\t<\/div>\n\t\t\t\t\t\t<\/div>\n\t\t\t\t<\/div>\n\t\t\t\t\t<\/div>\n\t\t<\/div>\n\t\t\t\t\t<\/div>\n\t\t<\/section>\n\t\t\t\t<section class=\"elementor-section elementor-top-section elementor-element elementor-element-7b3179c elementor-section-full_width elementor-section-height-default elementor-section-height-default\" data-id=\"7b3179c\" data-element_type=\"section\" id=\"suite\" data-settings=\"{&quot;background_background&quot;:&quot;classic&quot;}\">\n\t\t\t\t\t\t<div class=\"elementor-container elementor-column-gap-no\">\n\t\t\t\t\t<div class=\"elementor-column elementor-col-33 elementor-top-column elementor-element elementor-element-404e322 elementor-hidden-tablet elementor-hidden-mobile\" data-id=\"404e322\" data-element_type=\"column\">\n\t\t\t<div class=\"elementor-widget-wrap elementor-element-populated\">\n\t\t\t\t\t\t<div class=\"elementor-element elementor-element-5e50101 elementor-widget elementor-widget-image\" data-id=\"5e50101\" data-element_type=\"widget\" data-widget_type=\"image.default\">\n\t\t\t\t<div class=\"elementor-widget-container\">\n\t\t\t\t\t\t\t\t\t\t\t\t\t\t\t<img fetchpriority=\"high\" decoding=\"async\" width=\"500\" height=\"500\" src=\"https:\/\/www.hoteldieppe.com\/wp-content\/uploads\/2022\/06\/etretat.jpg\" class=\"attachment-large size-large wp-image-749\" alt=\"\" srcset=\"https:\/\/www.hoteldieppe.com\/wp-content\/uploads\/2022\/06\/etretat.jpg 500w, https:\/\/www.hoteldieppe.com\/wp-content\/uploads\/2022\/06\/etretat-300x300.jpg 300w, https:\/\/www.hoteldieppe.com\/wp-content\/uploads\/2022\/06\/etretat-150x150.jpg 150w, https:\/\/www.hoteldieppe.com\/wp-content\/uploads\/2022\/06\/etretat-12x12.jpg 12w\" sizes=\"(max-width: 500px) 100vw, 500px\" title=\"\">\t\t\t\t\t\t\t\t\t\t\t\t\t\t\t<\/div>\n\t\t\t\t<\/div>\n\t\t\t\t\t<\/div>\n\t\t<\/div>\n\t\t\t\t<div class=\"elementor-column elementor-col-33 elementor-top-column elementor-element elementor-element-64ac651\" data-id=\"64ac651\" data-element_type=\"column\" data-settings=\"{&quot;background_background&quot;:&quot;classic&quot;}\">\n\t\t\t<div class=\"elementor-widget-wrap elementor-element-populated\">\n\t\t\t\t\t\t<div class=\"elementor-element elementor-element-61f4944 elementor-widget elementor-widget-text-editor\" data-id=\"61f4944\" data-element_type=\"widget\" data-widget_type=\"text-editor.default\">\n\t\t\t\t<div class=\"elementor-widget-container\">\n\t\t\t\t\t\t\t\t\t<p>A town of art and history (a label awarded by the Ministry of Culture) open to the world, Dieppe is not only a seaside town with its cliffs, its ports, its nautical activities, its long beach of 1500 m, its blue flag and its large lawns offered to kites. The town has somehow risen above the sea! Its past, with its castle housing exceptional collections of sculpted ivories and seascapes, its prestigious navigators, its links with New France (Canada), its unique light, so dear to the Impressionists... everything here tells a beautiful story rich in horizons, emotions and passion.<\/p><p>\u00a0<\/p><p>Things to see and do from our Dieppe hotel: Dieppe Castle-Museum, Estran-Cit\u00e9 de la Mer, Saint-Jacques and Saint-R\u00e9my churches, Sc\u00e8ne nationale, SPA Manche, Manoir d'Ango, Ch\u00e2teau de Miromesnil where Guy de Maupassant lived as a child, Parc des Moutiers, Arques-la-Bataille forest... not forgetting the magnificent golf course on the cliffs of Dieppe, horse racing, all the nautical activities and great walks on the Alabaster coast and in Normandy.<\/p>\t\t\t\t\t\t\t\t<\/div>\n\t\t\t\t<\/div>\n\t\t\t\t<div class=\"elementor-element elementor-element-4879629 elementor-widget elementor-widget-image\" data-id=\"4879629\" data-element_type=\"widget\" data-widget_type=\"image.default\">\n\t\t\t\t<div class=\"elementor-widget-container\">\n\t\t\t\t\t\t\t\t\t\t\t\t\t\t\t<img decoding=\"async\" width=\"213\" height=\"109\" src=\"https:\/\/www.hoteldieppe.com\/wp-content\/uploads\/2022\/06\/Poissons-6.png\" class=\"attachment-large size-large wp-image-747\" alt=\"\" srcset=\"https:\/\/www.hoteldieppe.com\/wp-content\/uploads\/2022\/06\/Poissons-6.png 213w, https:\/\/www.hoteldieppe.com\/wp-content\/uploads\/2022\/06\/Poissons-6-18x9.png 18w\" sizes=\"(max-width: 213px) 100vw, 213px\" title=\"\">\t\t\t\t\t\t\t\t\t\t\t\t\t\t\t<\/div>\n\t\t\t\t<\/div>\n\t\t\t\t\t<\/div>\n\t\t<\/div>\n\t\t\t\t<div class=\"elementor-column elementor-col-33 elementor-top-column elementor-element elementor-element-ce23250\" data-id=\"ce23250\" data-element_type=\"column\">\n\t\t\t<div class=\"elementor-widget-wrap elementor-element-populated\">\n\t\t\t\t\t\t<div class=\"elementor-element elementor-element-d72d22a elementor-widget elementor-widget-image\" data-id=\"d72d22a\" data-element_type=\"widget\" data-widget_type=\"image.default\">\n\t\t\t\t<div class=\"elementor-widget-container\">\n\t\t\t\t\t\t\t\t\t\t\t\t\t\t\t<img decoding=\"async\" width=\"800\" height=\"534\" src=\"https:\/\/www.hoteldieppe.com\/wp-content\/uploads\/2022\/06\/nautisme-1024x684.jpg\" class=\"attachment-large size-large wp-image-750\" alt=\"\" srcset=\"https:\/\/www.hoteldieppe.com\/wp-content\/uploads\/2022\/06\/nautisme-1024x684.jpg 1024w, https:\/\/www.hoteldieppe.com\/wp-content\/uploads\/2022\/06\/nautisme-300x200.jpg 300w, https:\/\/www.hoteldieppe.com\/wp-content\/uploads\/2022\/06\/nautisme-768x513.jpg 768w, https:\/\/www.hoteldieppe.com\/wp-content\/uploads\/2022\/06\/nautisme-18x12.jpg 18w, https:\/\/www.hoteldieppe.com\/wp-content\/uploads\/2022\/06\/nautisme.jpg 1198w\" sizes=\"(max-width: 800px) 100vw, 800px\" title=\"\">\t\t\t\t\t\t\t\t\t\t\t\t\t\t\t<\/div>\n\t\t\t\t<\/div>\n\t\t\t\t\t<\/div>\n\t\t<\/div>\n\t\t\t\t\t<\/div>\n\t\t<\/section>\n\t\t\t\t<section class=\"elementor-section elementor-top-section elementor-element elementor-element-cb52396 elementor-section-boxed elementor-section-height-default elementor-section-height-default\" data-id=\"cb52396\" data-element_type=\"section\">\n\t\t\t\t\t\t<div class=\"elementor-container elementor-column-gap-default\">\n\t\t\t\t\t<div class=\"elementor-column elementor-col-33 elementor-top-column elementor-element elementor-element-b7e4c22\" data-id=\"b7e4c22\" data-element_type=\"column\" data-settings=\"{&quot;background_background&quot;:&quot;classic&quot;}\">\n\t\t\t<div class=\"elementor-widget-wrap elementor-element-populated\">\n\t\t\t\t\t\t<div class=\"elementor-element elementor-element-8ccb7c6 elementor-widget elementor-widget-image\" data-id=\"8ccb7c6\" data-element_type=\"widget\" data-widget_type=\"image.default\">\n\t\t\t\t<div class=\"elementor-widget-container\">\n\t\t\t\t\t\t\t\t\t\t\t\t\t\t\t<img loading=\"lazy\" decoding=\"async\" width=\"800\" height=\"534\" src=\"https:\/\/www.hoteldieppe.com\/wp-content\/uploads\/2022\/07\/iStock-1362263197-1024x683.jpg\" class=\"attachment-large size-large wp-image-1396\" alt=\"\" srcset=\"https:\/\/www.hoteldieppe.com\/wp-content\/uploads\/2022\/07\/iStock-1362263197-1024x683.jpg 1024w, https:\/\/www.hoteldieppe.com\/wp-content\/uploads\/2022\/07\/iStock-1362263197-300x200.jpg 300w, https:\/\/www.hoteldieppe.com\/wp-content\/uploads\/2022\/07\/iStock-1362263197-768x512.jpg 768w, https:\/\/www.hoteldieppe.com\/wp-content\/uploads\/2022\/07\/iStock-1362263197-1536x1024.jpg 1536w, https:\/\/www.hoteldieppe.com\/wp-content\/uploads\/2022\/07\/iStock-1362263197-2048x1365.jpg 2048w, https:\/\/www.hoteldieppe.com\/wp-content\/uploads\/2022\/07\/iStock-1362263197-18x12.jpg 18w\" sizes=\"(max-width: 800px) 100vw, 800px\" title=\"\">\t\t\t\t\t\t\t\t\t\t\t\t\t\t\t<\/div>\n\t\t\t\t<\/div>\n\t\t\t\t<div class=\"elementor-element elementor-element-c9c83a7 elementor-widget elementor-widget-heading\" data-id=\"c9c83a7\" data-element_type=\"widget\" data-widget_type=\"heading.default\">\n\t\t\t\t<div class=\"elementor-widget-container\">\n\t\t\t\t\t<h2 class=\"elementor-heading-title elementor-size-default\">In the heart of Normandy<\/h2>\t\t\t\t<\/div>\n\t\t\t\t<\/div>\n\t\t\t\t<div class=\"elementor-element elementor-element-48a09b8 elementor-widget elementor-widget-text-editor\" data-id=\"48a09b8\" data-element_type=\"widget\" data-widget_type=\"text-editor.default\">\n\t\t\t\t<div class=\"elementor-widget-container\">\n\t\t\t\t\t\t\t\t\t<p>Honfleur, F\u00e9camp or the cliffs of Etretat... We take you to discover the most beautiful sites in Normandy.<\/p>\t\t\t\t\t\t\t\t<\/div>\n\t\t\t\t<\/div>\n\t\t\t\t<div class=\"elementor-element elementor-element-c618c28 elementor-widget__width-auto bouton-decouvrir elementor-widget elementor-widget-button\" data-id=\"c618c28\" data-element_type=\"widget\" data-widget_type=\"button.default\">\n\t\t\t\t<div class=\"elementor-widget-container\">\n\t\t\t\t\t\t\t\t\t<div class=\"elementor-button-wrapper\">\n\t\t\t\t\t<a class=\"elementor-button elementor-button-link elementor-size-sm\" href=\"https:\/\/www.hoteldieppe.com\/en\/hotel-dieppe\/hotel-a-dieppe-2\/\">\n\t\t\t\t\t\t<span class=\"elementor-button-content-wrapper\">\n\t\t\t\t\t\t\t\t\t<span class=\"elementor-button-text\">Discover<\/span>\n\t\t\t\t\t<\/span>\n\t\t\t\t\t<\/a>\n\t\t\t\t<\/div>\n\t\t\t\t\t\t\t\t<\/div>\n\t\t\t\t<\/div>\n\t\t\t\t\t<\/div>\n\t\t<\/div>\n\t\t\t\t<div class=\"elementor-column elementor-col-33 elementor-top-column elementor-element elementor-element-7dc391b\" data-id=\"7dc391b\" data-element_type=\"column\" data-settings=\"{&quot;background_background&quot;:&quot;classic&quot;}\">\n\t\t\t<div class=\"elementor-widget-wrap elementor-element-populated\">\n\t\t\t\t\t\t<div class=\"elementor-element elementor-element-b22b184 elementor-widget elementor-widget-image\" data-id=\"b22b184\" data-element_type=\"widget\" data-widget_type=\"image.default\">\n\t\t\t\t<div class=\"elementor-widget-container\">\n\t\t\t\t\t\t\t\t\t\t\t\t\t\t\t<img loading=\"lazy\" decoding=\"async\" width=\"800\" height=\"363\" src=\"https:\/\/www.hoteldieppe.com\/wp-content\/uploads\/2022\/07\/d1fb771505f226bdd2d9c8ef9df5114f713ea7f2-1024x465.jpeg\" class=\"attachment-large size-large wp-image-983\" alt=\"\" srcset=\"https:\/\/www.hoteldieppe.com\/wp-content\/uploads\/2022\/07\/d1fb771505f226bdd2d9c8ef9df5114f713ea7f2-1024x465.jpeg 1024w, https:\/\/www.hoteldieppe.com\/wp-content\/uploads\/2022\/07\/d1fb771505f226bdd2d9c8ef9df5114f713ea7f2-300x136.jpeg 300w, https:\/\/www.hoteldieppe.com\/wp-content\/uploads\/2022\/07\/d1fb771505f226bdd2d9c8ef9df5114f713ea7f2-768x349.jpeg 768w, https:\/\/www.hoteldieppe.com\/wp-content\/uploads\/2022\/07\/d1fb771505f226bdd2d9c8ef9df5114f713ea7f2-18x8.jpeg 18w, https:\/\/www.hoteldieppe.com\/wp-content\/uploads\/2022\/07\/d1fb771505f226bdd2d9c8ef9df5114f713ea7f2.jpeg 1442w\" sizes=\"(max-width: 800px) 100vw, 800px\" title=\"\">\t\t\t\t\t\t\t\t\t\t\t\t\t\t\t<\/div>\n\t\t\t\t<\/div>\n\t\t\t\t<div class=\"elementor-element elementor-element-2d3425c elementor-widget elementor-widget-heading\" data-id=\"2d3425c\" data-element_type=\"widget\" data-widget_type=\"heading.default\">\n\t\t\t\t<div class=\"elementor-widget-container\">\n\t\t\t\t\t<h2 class=\"elementor-heading-title elementor-size-default\">Museums and Monuments<\/h2>\t\t\t\t<\/div>\n\t\t\t\t<\/div>\n\t\t\t\t<div class=\"elementor-element elementor-element-16c5971 elementor-widget elementor-widget-text-editor\" data-id=\"16c5971\" data-element_type=\"widget\" data-widget_type=\"text-editor.default\">\n\t\t\t\t<div class=\"elementor-widget-container\">\n\t\t\t\t\t\t\t\t\t<p>The city of Dieppe is rich in heritage. Discover our suggestions for visits from our hotel in the city centre.<\/p>\t\t\t\t\t\t\t\t<\/div>\n\t\t\t\t<\/div>\n\t\t\t\t<div class=\"elementor-element elementor-element-c97ff9e elementor-widget__width-auto bouton-decouvrir-blanc-bleu elementor-widget elementor-widget-button\" data-id=\"c97ff9e\" data-element_type=\"widget\" data-widget_type=\"button.default\">\n\t\t\t\t<div class=\"elementor-widget-container\">\n\t\t\t\t\t\t\t\t\t<div class=\"elementor-button-wrapper\">\n\t\t\t\t\t<a class=\"elementor-button elementor-button-link elementor-size-sm\" href=\"https:\/\/www.hoteldieppe.com\/en\/hotel-dieppe\/hotel-a-dieppe-vue-sur-mer\/\">\n\t\t\t\t\t\t<span class=\"elementor-button-content-wrapper\">\n\t\t\t\t\t\t\t\t\t<span class=\"elementor-button-text\">Discover<\/span>\n\t\t\t\t\t<\/span>\n\t\t\t\t\t<\/a>\n\t\t\t\t<\/div>\n\t\t\t\t\t\t\t\t<\/div>\n\t\t\t\t<\/div>\n\t\t\t\t\t<\/div>\n\t\t<\/div>\n\t\t\t\t<div class=\"elementor-column elementor-col-33 elementor-top-column elementor-element elementor-element-be54b6d\" data-id=\"be54b6d\" data-element_type=\"column\" data-settings=\"{&quot;background_background&quot;:&quot;classic&quot;}\">\n\t\t\t<div class=\"elementor-widget-wrap elementor-element-populated\">\n\t\t\t\t\t\t<div class=\"elementor-element elementor-element-cc7d3ed elementor-widget elementor-widget-image\" data-id=\"cc7d3ed\" data-element_type=\"widget\" data-widget_type=\"image.default\">\n\t\t\t\t<div class=\"elementor-widget-container\">\n\t\t\t\t\t\t\t\t\t\t\t\t\t\t\t<img loading=\"lazy\" decoding=\"async\" width=\"800\" height=\"363\" src=\"https:\/\/www.hoteldieppe.com\/wp-content\/uploads\/2022\/07\/954917e25bfa3318080ba029001c018d920e5536-1024x465.jpeg\" class=\"attachment-large size-large wp-image-984\" alt=\"\" srcset=\"https:\/\/www.hoteldieppe.com\/wp-content\/uploads\/2022\/07\/954917e25bfa3318080ba029001c018d920e5536-1024x465.jpeg 1024w, https:\/\/www.hoteldieppe.com\/wp-content\/uploads\/2022\/07\/954917e25bfa3318080ba029001c018d920e5536-300x136.jpeg 300w, https:\/\/www.hoteldieppe.com\/wp-content\/uploads\/2022\/07\/954917e25bfa3318080ba029001c018d920e5536-768x349.jpeg 768w, https:\/\/www.hoteldieppe.com\/wp-content\/uploads\/2022\/07\/954917e25bfa3318080ba029001c018d920e5536-18x8.jpeg 18w, https:\/\/www.hoteldieppe.com\/wp-content\/uploads\/2022\/07\/954917e25bfa3318080ba029001c018d920e5536.jpeg 1442w\" sizes=\"(max-width: 800px) 100vw, 800px\" title=\"\">\t\t\t\t\t\t\t\t\t\t\t\t\t\t\t<\/div>\n\t\t\t\t<\/div>\n\t\t\t\t<div class=\"elementor-element elementor-element-f4d6210 elementor-widget elementor-widget-heading\" data-id=\"f4d6210\" data-element_type=\"widget\" data-widget_type=\"heading.default\">\n\t\t\t\t<div class=\"elementor-widget-container\">\n\t\t\t\t\t<h2 class=\"elementor-heading-title elementor-size-default\">Activities &amp; Walks<\/h2>\t\t\t\t<\/div>\n\t\t\t\t<\/div>\n\t\t\t\t<div class=\"elementor-element elementor-element-83b5ab7 elementor-widget elementor-widget-text-editor\" data-id=\"83b5ab7\" data-element_type=\"widget\" data-widget_type=\"text-editor.default\">\n\t\t\t\t<div class=\"elementor-widget-container\">\n\t\t\t\t\t\t\t\t\t<p>Enjoy Dieppe in all seasons with golf, water sports, sea bathing and casino nights.<\/p>\t\t\t\t\t\t\t\t<\/div>\n\t\t\t\t<\/div>\n\t\t\t\t<div class=\"elementor-element elementor-element-1ba586d elementor-widget__width-auto bouton-decouvrir elementor-widget elementor-widget-button\" data-id=\"1ba586d\" data-element_type=\"widget\" data-widget_type=\"button.default\">\n\t\t\t\t<div class=\"elementor-widget-container\">\n\t\t\t\t\t\t\t\t\t<div class=\"elementor-button-wrapper\">\n\t\t\t\t\t<a class=\"elementor-button elementor-button-link elementor-size-sm\" href=\"https:\/\/www.hoteldieppe.com\/en\/hotel-dieppe\/hotel-dieppe-bord-de-mer\/\">\n\t\t\t\t\t\t<span class=\"elementor-button-content-wrapper\">\n\t\t\t\t\t\t\t\t\t<span class=\"elementor-button-text\">Discover<\/span>\n\t\t\t\t\t<\/span>\n\t\t\t\t\t<\/a>\n\t\t\t\t<\/div>\n\t\t\t\t\t\t\t\t<\/div>\n\t\t\t\t<\/div>\n\t\t\t\t\t<\/div>\n\t\t<\/div>\n\t\t\t\t\t<\/div>\n\t\t<\/section>\n\t\t\t\t<section class=\"elementor-section elementor-top-section elementor-element elementor-element-68129d0 elementor-section-boxed elementor-section-height-default elementor-section-height-default\" data-id=\"68129d0\" data-element_type=\"section\">\n\t\t\t\t\t\t<div class=\"elementor-container elementor-column-gap-default\">\n\t\t\t\t\t<div class=\"elementor-column elementor-col-33 elementor-top-column elementor-element elementor-element-3ceaef4\" data-id=\"3ceaef4\" data-element_type=\"column\" data-settings=\"{&quot;background_background&quot;:&quot;classic&quot;}\">\n\t\t\t<div class=\"elementor-widget-wrap elementor-element-populated\">\n\t\t\t\t\t\t<div class=\"elementor-element elementor-element-38fa9ad elementor-widget elementor-widget-image\" data-id=\"38fa9ad\" data-element_type=\"widget\" data-widget_type=\"image.default\">\n\t\t\t\t<div class=\"elementor-widget-container\">\n\t\t\t\t\t\t\t\t\t\t\t\t\t\t\t<img loading=\"lazy\" decoding=\"async\" width=\"800\" height=\"363\" src=\"https:\/\/www.hoteldieppe.com\/wp-content\/uploads\/2022\/07\/88162fdd013c1aee8bcb1314739bba6c3a8c9dfe-1024x465.jpeg\" class=\"attachment-large size-large wp-image-985\" alt=\"\" srcset=\"https:\/\/www.hoteldieppe.com\/wp-content\/uploads\/2022\/07\/88162fdd013c1aee8bcb1314739bba6c3a8c9dfe-1024x465.jpeg 1024w, https:\/\/www.hoteldieppe.com\/wp-content\/uploads\/2022\/07\/88162fdd013c1aee8bcb1314739bba6c3a8c9dfe-300x136.jpeg 300w, https:\/\/www.hoteldieppe.com\/wp-content\/uploads\/2022\/07\/88162fdd013c1aee8bcb1314739bba6c3a8c9dfe-768x349.jpeg 768w, https:\/\/www.hoteldieppe.com\/wp-content\/uploads\/2022\/07\/88162fdd013c1aee8bcb1314739bba6c3a8c9dfe-18x8.jpeg 18w, https:\/\/www.hoteldieppe.com\/wp-content\/uploads\/2022\/07\/88162fdd013c1aee8bcb1314739bba6c3a8c9dfe.jpeg 1442w\" sizes=\"(max-width: 800px) 100vw, 800px\" title=\"\">\t\t\t\t\t\t\t\t\t\t\t\t\t\t\t<\/div>\n\t\t\t\t<\/div>\n\t\t\t\t<div class=\"elementor-element elementor-element-a8551b5 elementor-widget elementor-widget-heading\" data-id=\"a8551b5\" data-element_type=\"widget\" data-widget_type=\"heading.default\">\n\t\t\t\t<div class=\"elementor-widget-container\">\n\t\t\t\t\t<h2 class=\"elementor-heading-title elementor-size-default\">Dieppe city of art and history<\/h2>\t\t\t\t<\/div>\n\t\t\t\t<\/div>\n\t\t\t\t<div class=\"elementor-element elementor-element-6092fbe elementor-widget elementor-widget-text-editor\" data-id=\"6092fbe\" data-element_type=\"widget\" data-widget_type=\"text-editor.default\">\n\t\t\t\t<div class=\"elementor-widget-container\">\n\t\t\t\t\t\t\t\t\t<p>From the town centre to the port, via the Castle or the Fishermen's Quarter, Dieppe is full of treasures.\u00a0<\/p>\t\t\t\t\t\t\t\t<\/div>\n\t\t\t\t<\/div>\n\t\t\t\t<div class=\"elementor-element elementor-element-1d15b5a elementor-widget__width-auto bouton-decouvrir elementor-widget elementor-widget-button\" data-id=\"1d15b5a\" data-element_type=\"widget\" data-widget_type=\"button.default\">\n\t\t\t\t<div class=\"elementor-widget-container\">\n\t\t\t\t\t\t\t\t\t<div class=\"elementor-button-wrapper\">\n\t\t\t\t\t<a class=\"elementor-button elementor-button-link elementor-size-sm\" href=\"https:\/\/www.hoteldieppe.com\/en\/hotel-dieppe\/hotel-de-charme-dieppe\/\">\n\t\t\t\t\t\t<span class=\"elementor-button-content-wrapper\">\n\t\t\t\t\t\t\t\t\t<span class=\"elementor-button-text\">Discover<\/span>\n\t\t\t\t\t<\/span>\n\t\t\t\t\t<\/a>\n\t\t\t\t<\/div>\n\t\t\t\t\t\t\t\t<\/div>\n\t\t\t\t<\/div>\n\t\t\t\t\t<\/div>\n\t\t<\/div>\n\t\t\t\t<div class=\"elementor-column elementor-col-33 elementor-top-column elementor-element elementor-element-843a5fb\" data-id=\"843a5fb\" data-element_type=\"column\">\n\t\t\t<div class=\"elementor-widget-wrap\">\n\t\t\t\t\t\t\t<\/div>\n\t\t<\/div>\n\t\t\t\t<div class=\"elementor-column elementor-col-33 elementor-top-column elementor-element elementor-element-2c09e1f\" data-id=\"2c09e1f\" data-element_type=\"column\" data-settings=\"{&quot;background_background&quot;:&quot;classic&quot;}\">\n\t\t\t<div class=\"elementor-widget-wrap elementor-element-populated\">\n\t\t\t\t\t\t<div class=\"elementor-element elementor-element-d2c6f68 elementor-widget elementor-widget-image\" data-id=\"d2c6f68\" data-element_type=\"widget\" data-widget_type=\"image.default\">\n\t\t\t\t<div class=\"elementor-widget-container\">\n\t\t\t\t\t\t\t\t\t\t\t\t\t\t\t<img loading=\"lazy\" decoding=\"async\" width=\"800\" height=\"363\" src=\"https:\/\/www.hoteldieppe.com\/wp-content\/uploads\/2022\/07\/a93d19cb307a6b95b18e496753ba8682180ee44f-1024x465.jpeg\" class=\"attachment-large size-large wp-image-986\" alt=\"\" srcset=\"https:\/\/www.hoteldieppe.com\/wp-content\/uploads\/2022\/07\/a93d19cb307a6b95b18e496753ba8682180ee44f-1024x465.jpeg 1024w, https:\/\/www.hoteldieppe.com\/wp-content\/uploads\/2022\/07\/a93d19cb307a6b95b18e496753ba8682180ee44f-300x136.jpeg 300w, https:\/\/www.hoteldieppe.com\/wp-content\/uploads\/2022\/07\/a93d19cb307a6b95b18e496753ba8682180ee44f-768x349.jpeg 768w, https:\/\/www.hoteldieppe.com\/wp-content\/uploads\/2022\/07\/a93d19cb307a6b95b18e496753ba8682180ee44f-18x8.jpeg 18w, https:\/\/www.hoteldieppe.com\/wp-content\/uploads\/2022\/07\/a93d19cb307a6b95b18e496753ba8682180ee44f.jpeg 1442w\" sizes=\"(max-width: 800px) 100vw, 800px\" title=\"\">\t\t\t\t\t\t\t\t\t\t\t\t\t\t\t<\/div>\n\t\t\t\t<\/div>\n\t\t\t\t<div class=\"elementor-element elementor-element-ad8ee2a elementor-widget elementor-widget-heading\" data-id=\"ad8ee2a\" data-element_type=\"widget\" data-widget_type=\"heading.default\">\n\t\t\t\t<div class=\"elementor-widget-container\">\n\t\t\t\t\t<h2 class=\"elementor-heading-title elementor-size-default\">The Dieppe agenda<\/h2>\t\t\t\t<\/div>\n\t\t\t\t<\/div>\n\t\t\t\t<div class=\"elementor-element elementor-element-579aca5 elementor-widget elementor-widget-text-editor\" data-id=\"579aca5\" data-element_type=\"widget\" data-widget_type=\"text-editor.default\">\n\t\t\t\t<div class=\"elementor-widget-container\">\n\t\t\t\t\t\t\t\t\t<p>Enjoy the events that take place in Dieppe throughout the year.<\/p>\t\t\t\t\t\t\t\t<\/div>\n\t\t\t\t<\/div>\n\t\t\t\t<div class=\"elementor-element elementor-element-0ddb5de elementor-widget__width-auto bouton-decouvrir elementor-widget elementor-widget-button\" data-id=\"0ddb5de\" data-element_type=\"widget\" data-widget_type=\"button.default\">\n\t\t\t\t<div class=\"elementor-widget-container\">\n\t\t\t\t\t\t\t\t\t<div class=\"elementor-button-wrapper\">\n\t\t\t\t\t<a class=\"elementor-button elementor-button-link elementor-size-sm\" href=\"https:\/\/www.hoteldieppe.com\/en\/hotel-dieppe\/dieppe-hotel-de-charme\/\">\n\t\t\t\t\t\t<span class=\"elementor-button-content-wrapper\">\n\t\t\t\t\t\t\t\t\t<span class=\"elementor-button-text\">Discover<\/span>\n\t\t\t\t\t<\/span>\n\t\t\t\t\t<\/a>\n\t\t\t\t<\/div>\n\t\t\t\t\t\t\t\t<\/div>\n\t\t\t\t<\/div>\n\t\t\t\t\t<\/div>\n\t\t<\/div>\n\t\t\t\t\t<\/div>\n\t\t<\/section>\n\t\t\t\t<\/div>","protected":false},"excerpt":{"rendered":"<p>Tourism The region from our hotel in Dieppe A town of art and history (a label awarded by the Ministry of Culture) open to the world, Dieppe is not just a seaside resort with its cliffs, harbours, water sports, 1,500-metre long beach, blue flag and large lawns for kite flying. The [...]<\/p>","protected":false},"author":12,"featured_media":0,"parent":0,"menu_order":0,"comment_status":"closed","ping_status":"closed","template":"","meta":{"_acf_changed":false,"inline_featured_image":false,"footnotes":""},"class_list":["post-150","page","type-page","status-publish","hentry"],"acf":[],"_links":{"self":[{"href":"https:\/\/www.hoteldieppe.com\/en\/wp-json\/wp\/v2\/pages\/150","targetHints":{"allow":["GET"]}}],"collection":[{"href":"https:\/\/www.hoteldieppe.com\/en\/wp-json\/wp\/v2\/pages"}],"about":[{"href":"https:\/\/www.hoteldieppe.com\/en\/wp-json\/wp\/v2\/types\/page"}],"author":[{"embeddable":true,"href":"https:\/\/www.hoteldieppe.com\/en\/wp-json\/wp\/v2\/users\/12"}],"replies":[{"embeddable":true,"href":"https:\/\/www.hoteldieppe.com\/en\/wp-json\/wp\/v2\/comments?post=150"}],"version-history":[{"count":100,"href":"https:\/\/www.hoteldieppe.com\/en\/wp-json\/wp\/v2\/pages\/150\/revisions"}],"predecessor-version":[{"id":2927,"href":"https:\/\/www.hoteldieppe.com\/en\/wp-json\/wp\/v2\/pages\/150\/revisions\/2927"}],"wp:attachment":[{"href":"https:\/\/www.hoteldieppe.com\/en\/wp-json\/wp\/v2\/media?parent=150"}],"curies":[{"name":"wp","href":"https:\/\/api.w.org\/{rel}","templated":true}]}}